{"id":42,"date":"2014-12-16T14:10:33","date_gmt":"2014-12-16T14:10:33","guid":{"rendered":"http:\/\/fundacioncascoantiguo.com\/?page_id=42"},"modified":"2014-12-16T14:48:41","modified_gmt":"2014-12-16T14:48:41","slug":"fundacion","status":"publish","type":"page","link":"https:\/\/fundacioncascoantiguo.com\/?page_id=42","title":{"rendered":"Fundaci\u00f3n"},"content":{"rendered":"<h2>Historia de la Fundaci\u00f3n<\/h2>\n<p><strong>LA CREACI\u00d3N DE<\/strong><strong> LA FUNDACI\u00d3N Y DEL  ECONOMATO BEN\u00c9FICO-ASISTENCIAL CASCO ANTIGUO.<\/strong><\/p>\n<p> La creaci\u00f3n de un  Economato social en el entorno del centro de Sevilla semejanza del existente en  Triana es una vieja aspiraci\u00f3n que a mediados de la d\u00e9cada de los 90 surge  tanto en un grupo de hermandades como en algunas C\u00e1ritas parroquiales. Sin  embargo es a ra\u00edz de las reuniones de coordinaci\u00f3n que diversas hermandades  comienzan a mantener en los a\u00f1os 1997 y 1998 cuando se inicia la posibilidad  real de hacer posible este proyecto.<\/p>\n<p>A partir de un  encuentro de los diputados de caridad de la hermandad de la Sgda. Mortaja y de  la hermandad de la Hiniesta,  Jos\u00e9 Rivero Garc\u00eda y Jos\u00e9 Antonio Romero P\u00e9rez respectivamente, comienzan a  tener lugar reuniones en la hermandad de la Sagrada Mortaja, y  en las que adem\u00e1s de las citadas corporaciones acuden las hermandades del Roc\u00edo  Macarena (Adela Campos), Carmen Doloroso (F\u00e9lix Casanova) Macarena (Reyes  Fern\u00e1ndez), Soledad (Manolo Rodr\u00edguez), Gran Poder (Fernando \u00c1lvarez de  Toledo), y las C\u00e1ritas de Omnium Sanctorum (Manolo Vaquero), y San Pedro  (Antonio Gaviria). a este n\u00facleo germinal se van uniendo la Exaltaci\u00f3n (Andr\u00e9s  Lim\u00f3n), la Cena  (Borja Le\u00f3n), los Panaderos (Esperanza Sousa), La Lanzada (Juan Pedro  Fern\u00e1ndez), la Amargura,  los Gitanos (Pedro Aranda), Cristo de Burgos (Nicomedes Carnerero), Roc\u00edo de  Sevilla ( David Villegas), Montesi\u00f3n (Rafael Osuna) y C\u00e1ritas de San Andr\u00e9s.<\/p>\n<p>Por diferentes motivos  algunas de estas hermandades y entidades decidieron abandonar, otras regresaron  con posterioridad como hermandades asociadas y finalmente las siguientes  instituciones:<\/p>\n<ol>\n<li>Hermandad  de N..P.Jes\u00fas Descendido de la   Cruz en el Misterio de su Sagrada Mortaja y Mar\u00eda Stma. de la Piedad.<\/li>\n<li>Hermandad  de Mar\u00eda Stma. en su Soledad (Soledad de San Lorenzo).<\/li>\n<li>Hermandad  de Ntro. P. Jes\u00fas del Soberano Poder y Mar\u00eda Stma. de Regla.<\/li>\n<li>Hermandad  de ntro. P. Jes\u00fas de la Salud  y Mar\u00eda Stma. de las Angustias.<\/li>\n<li>Hermandad  del Stmo. Cristo de la   Exaltaci\u00f3n y Ntra. S\u00f1ra. de las L\u00e1grimas.<\/li>\n<li>Hermandad  de Ntro. p. Jes\u00fas de la Paz  y Ntra. S\u00f1ra. del Carmen Dolorosa.<\/li>\n<li>Hermandad  de la Sagrada Cena,  Stmo. Cristo de la Humildad  y Paciencia y Ntra. S\u00f1ra. del Subterr\u00e1neo.<\/li>\n<li>Hermandad  del Stmo. Cristo de Burgos y Madre de Dios de la Palma.<\/li>\n<li>Hermandad  de la Sagrada Lanzada,  Ntra. S\u00f1ra. de gu\u00eda, y Mar\u00eda Stma. del buen Fin.<\/li>\n<li>Hermandad  de la Oraci\u00f3n  de Ntro. Se\u00f1or JesuCristo en el Huerto y Mar\u00eda Stma. del Rosario Dolorosa.<\/li>\n<li>Hermandad  de Ntra. S\u00f1ra. del Roci\u00f3 de Sevilla.<\/li>\n<li>Parroquia  de Omniun Sanctorum.<\/li>\n<\/ol>\n<p>Crearon la Fundaci\u00f3n ben\u00e9fico  asistencial Casco Antiguo cuyo fin primordial era la implantaci\u00f3n de un  economato social en el centro de Sevilla.<\/p>\n<p>Los primeros estatutos  de la fundaci\u00f3n fueron aprobados elevados a escritura p\u00fablica y por la  conserjer\u00eda de Junta de Andaluc\u00eda en el a\u00f1o 2.001.<\/p>\n<p>El objetivo de  constituir esta fundaci\u00f3n era doble, por un lado dar cobertura legal apropiada  al proyecto y por otro dotar de una fuerte estructura de uni\u00f3n a las distintas  hermandades fundacionales. En la ponencia de la convivencia de voluntariado de  2.006, quien en aquella \u00e9poca fuera hermano mayor de la hermandad de la Sagrada Mortaja, y  primer vicepresidente del patronato, Manuel Delgado, desgrana la filosof\u00eda de  esta constituci\u00f3n bajo el t\u00edtulo &ldquo;origen del economato. Porque, como y cuando&rdquo;.  que puede consultarse en esta Web, y cuya lectura recomendamos, pues recoge  plenamente el esp\u00edritu fundacional.<\/p>\n<p>Una vez que ten\u00edamos el  instrumento adecuado, la fundaci\u00f3n, comenzamos a comenzar a trabajar unidos en  la consecuci\u00f3n del objeto final. Se realiz\u00f3 un proyecto adecuado. Se encontr\u00f3  un local apropiado y las hermandades y parroquia fundadoras realizaron un  importante esfuerzo para adaptarlo. Y paralelamente se comenz\u00f3 a preparar al  voluntariado de las hermandades.<\/p>\n<p>Toda esta labor vino a  desembocar en la inauguraci\u00f3n de nuestro primer local de Economato Social, en  calle Peral n\u00ba 34,\u00a0 el 21 de junio de  2.001, siendo bendecido por el Rvdmo. Sr. Cardenal Fray Carlos Amigo.\u00a0\u00a0\u00a0 Posteriormente y por necesidades de  ampliaci\u00f3n de nuestras estructuras,\u00a0 en  abril del a\u00f1o 2011 pasamos a un local del doble de dimensiones que en  anterior\u00a0 en calle narciso Bonaplata n\u00ba  5.<\/p>\n<p>Hoy aquel proyecto  primitivo es una realidad, con un patronato ampliado a 40 entidades, un nuevo  estatuto adecuado a legislaci\u00f3n andaluza, un Economato innovador y un amplio  voluntariado que le proporciona un soplo de vida cada vez que abre sus puertas.<\/p>\n<p><strong>EVOLUCI\u00d3N DE LOS DISTINTOS CARGOS DEL  PATRONATO<\/strong><br \/>\n  <strong>FUNDACI\u00d3N BEN\u00c9FICO  ASISTENCIAL CASCO ANTIGUO 2.000 \u2013 2.013<\/strong><\/p>\n<p align=\"center\"><strong>PRESIDENTES<\/strong><\/p>\n<p>D. Pablo G\u00e1lvez Rey.<br \/>\n  D. Manolo Delgado  Mart\u00edn.<br \/>\n  D. Jos\u00e9 Manuel Albiac  Rossi.<br \/>\n  D. Eduardo Garc\u00eda P\u00e9rez<br \/>\n  D. Jos\u00e9 Manuel Marcos  S\u00e1nchez<\/p>\n<p align=\"center\"><strong>VICEPRESIDENTES<\/strong><\/p>\n<p>D. Manolo Delgado  Mart\u00edn.<br \/>\n  D. Antonio Hern\u00e1ndez  L\u00e1zaro.<br \/>\n  D. Antonio \u00c1lvarez \u2013  Dardet Gonz\u00e1lez.<br \/>\n  D. F\u00e9lix Corredera  Lozano.<br \/>\n  D. Eduardo Garc\u00eda P\u00e9rez<br \/>\n  D. Jos\u00e9 Manuel Marcos  Sanchez<br \/>\n  D. Joaqu\u00edn Sol\u00eds Tar\u00edn<\/p>\n<p align=\"center\"><strong>TESOREROS<\/strong><\/p>\n<p>D. Francisco Comas  Gonz\u00e1lez.<br \/>\n  D. Tomas Vega Piqueres.<br \/>\n  D. Miguel Bermudo  Borrego.<br \/>\n  D. Jos\u00e9 Ram\u00f3n Candau  C\u00e1ceres<br \/>\n  D. Juan Antonio Coto  Dom\u00ednguez<br \/>\n  D. Jos\u00e9 Antonio Moncayo  Trav\u00e9 <br \/>\n  <strong>GERENTES<\/strong><\/p>\n<p>D. Jos\u00e9 Antonio Romero  P\u00e9rez.<br \/>\n  D. Manuel Vaquero  Marchante.<\/p>\n<p align=\"center\"><strong>SECRETARIOS<\/strong><\/p>\n<p>D. Jos\u00e9 Rivero Garc\u00eda.<br \/>\n  D. Manuel Rodr\u00edguez  Gonz\u00e1lez.<\/p>\n","protected":false},"excerpt":{"rendered":"<p>Historia de la Fundaci\u00f3n LA CREACI\u00d3N DE LA FUNDACI\u00d3N Y DEL ECONOMATO BEN\u00c9FICO-ASISTENCIAL CASCO ANTIGUO. La creaci\u00f3n de un Economato social en el entorno del centro de Sevilla semejanza del\u2026 <a href=\"https:\/\/fundacioncascoantiguo.com\/?page_id=42\" class=\"read-more-link\">Leer m\u00e1s &rarr;<\/a><\/p>\n","protected":false},"author":2,"featured_media":29,"parent":0,"menu_order":0,"comment_status":"open","ping_status":"closed","template":"","meta":{"footnotes":""},"class_list":["post-42","page","type-page","status-publish","has-post-thumbnail","hentry"],"_links":{"self":[{"href":"https:\/\/fundacioncascoantiguo.com\/index.php?rest_route=\/wp\/v2\/pages\/42","targetHints":{"allow":["GET"]}}],"collection":[{"href":"https:\/\/fundacioncascoantiguo.com\/index.php?rest_route=\/wp\/v2\/pages"}],"about":[{"href":"https:\/\/fundacioncascoantiguo.com\/index.php?rest_route=\/wp\/v2\/types\/page"}],"author":[{"embeddable":true,"href":"https:\/\/fundacioncascoantiguo.com\/index.php?rest_route=\/wp\/v2\/users\/2"}],"replies":[{"embeddable":true,"href":"https:\/\/fundacioncascoantiguo.com\/index.php?rest_route=%2Fwp%2Fv2%2Fcomments&post=42"}],"version-history":[{"count":4,"href":"https:\/\/fundacioncascoantiguo.com\/index.php?rest_route=\/wp\/v2\/pages\/42\/revisions"}],"predecessor-version":[{"id":135,"href":"https:\/\/fundacioncascoantiguo.com\/index.php?rest_route=\/wp\/v2\/pages\/42\/revisions\/135"}],"wp:featuredmedia":[{"embeddable":true,"href":"https:\/\/fundacioncascoantiguo.com\/index.php?rest_route=\/wp\/v2\/media\/29"}],"wp:attachment":[{"href":"https:\/\/fundacioncascoantiguo.com\/index.php?rest_route=%2Fwp%2Fv2%2Fmedia&parent=42"}],"curies":[{"name":"wp","href":"https:\/\/api.w.org\/{rel}","templated":true}]}}