{"id":39,"date":"2014-12-16T14:10:16","date_gmt":"2014-12-16T14:10:16","guid":{"rendered":"http:\/\/fundacioncascoantiguo.com\/?page_id=39"},"modified":"2016-03-09T10:35:55","modified_gmt":"2016-03-09T10:35:55","slug":"presentacion","status":"publish","type":"page","link":"https:\/\/fundacioncascoantiguo.com\/?page_id=39","title":{"rendered":"Presentaci\u00f3n"},"content":{"rendered":"<h2><strong>Qu\u00e9 hacemos<\/strong><\/h2>\n<p>Nuestra obra social es el mantenimiento de un Economato Social para que los m\u00e1s necesitados puedan encontrar una ayuda material y un apoyo a sus necesidades.<\/p>\n<p>Nuestro <strong>objetivo<\/strong> es disponer de un recurso social a trav\u00e9s del cual los destinatarios, adem\u00e1s de beneficiarse de su uso, adquieran habilidades en:<\/p>\n<ul>\n<li>Gesti\u00f3n de los gastos dom\u00e9sticos<\/li>\n<li>H\u00e1bitos de alimentaci\u00f3n<\/li>\n<li>H\u00e1bitos de limpieza<\/li>\n<\/ul>\n<h3><strong>M\u00e9todo de asistencia<\/strong><\/h3>\n<p>Cada Hermandad documenta por medio de un carnet a las distintas familias acogidas que s\u00f3lo pagan el <strong>25% del<\/strong> <strong>precio-costo final<\/strong> del producto, ya que el 75%\u00a0 restante lo abona la propia Hermandad<\/p>\n<h3><strong>A quien asistimos<\/strong><\/h3>\n<p>Como datos estad\u00edsticos de los \u00faltimos a\u00f1os<strong>, la media de asistencia al mes<\/strong> ha sido la siguiente:<\/p>\n<ul>\n<li>A\u00f1o <strong>2008: 300 familias \u00a0\u00a0\u00a0\u00a0+ \u00a010 conventos + \u00a02 asociaciones<\/strong><\/li>\n<li>A\u00f1o <strong>2009: 361 familias \u00a0\u00a0\u00a0<\/strong>\u00a0<strong>+ \u00a012 conventos + \u00a03 asociaciones<\/strong><\/li>\n<li>A\u00f1o <strong>2010: 394 familias\u00a0\u00a0 <\/strong>\u00a0\u00a0<strong>+ \u00a012 conventos + \u00a03 asociaciones<\/strong><\/li>\n<li>A\u00f1o <strong>2011: 411 familias \u00a0\u00a0\u00a0<\/strong>\u00a0<strong>+ \u00a012 conventos + \u00a04 asociaciones<\/strong><\/li>\n<li>A\u00f1o <strong>2012: 645 familias<\/strong>\u00a0\u00a0\u00a0\u00a0 <strong>+\u00a0 13 conventos + \u00a05 asociaciones<\/strong><\/li>\n<li>A\u00f1o <strong>2013: 701 familias<\/strong>\u00a0 \u00a0\u00a0\u00a0<strong>+\u00a0 13 conventos + \u00a05 asociaciones<\/strong><\/li>\n<\/ul>\n<p><strong>Conventos con asistencia mensual<\/strong>:<\/p>\n<ul>\n<li><strong>CONVENTO: SANTA M\u00aa del SOCORRO<\/strong><\/li>\n<li><strong>CONVENTO: SANTA ISABEL<\/strong><\/li>\n<li><strong>CONVENTO: HOGAR SAN JOS\u00c9 DE LA MONTA\u00d1A<\/strong><\/li>\n<li><strong>CONVENTO: MADRE DE DIOS<\/strong><\/li>\n<li><strong>CONVENTO: CARMELO de SANTA ANA<\/strong><\/li>\n<li><strong>CONVENTO SANTA ROSAL\u00cdA<\/strong><\/li>\n<li><strong>CONVENTO: ENCARNACI\u00d3N<\/strong><\/li>\n<li><strong>CONVENTO: SAN LEANDRO<\/strong><\/li>\n<li><strong>CONVENTO: SANTA MARIA DE JES\u00daS<\/strong><\/li>\n<li><strong>ORDEN RELIGIOSA: Oblatas del Sant\u00edsimo Redentor<\/strong><\/li>\n<li><strong>CONVENTO: SANTA IN\u00c9S<\/strong><\/li>\n<li><strong>CONVENTO: SAN JOS\u00c9 DEL CARMEN (LAS TERESA)<\/strong><\/li>\n<li><strong>COMUNIDAD DEL POZO SANTO<\/strong><\/li>\n<\/ul>\n<p><strong>\u00a0<\/strong>Asimismo y por medio de nuestras Hermandades son atendidas en el Economato las siguientes asociaciones religiosas destinadas al socorro espiritual y material de nuestros hermanos:<\/p>\n<ul>\n<li><strong>\u201cCRISTO VIVE\u201d. <\/strong><\/li>\n<li><strong>PROYECTO \u201cLEV\u00c1NTATE Y ANDA\u201d.<\/strong><\/li>\n<li><strong>ASOCIACI\u00d3N \u201cSAN VICENTE DE PA\u00daL\u201d.<\/strong><\/li>\n<li><strong>GUARDERIA HNAS. DE LA CARIDAD<\/strong><\/li>\n<li><strong> LA CASA DE TODOS<\/strong><\/li>\n<\/ul>\n<p><strong>Aportaciones econ\u00f3micas de las hermandades al Economato<\/strong>:<\/p>\n<p>Aportaciones de las hermandades y entidades que forman parte de la Fundaci\u00f3n en los \u00faltimos \u00a0a\u00f1os:<\/p>\n<ul>\n<li><strong>A\u00f1o 2008: \u00a0\u00a0\u00a0182.604.\u20ac<\/strong><\/li>\n<li><strong>A\u00f1o 2009: \u00a0\u00a0\u00a0212.697.\u20ac<\/strong><\/li>\n<li><strong>A\u00f1o 2010: \u00a0\u00a0\u00a0242.375.\u20ac<\/strong><\/li>\n<li><strong>A\u00f1o 2011: \u00a0\u00a0\u00a0259.484.\u20ac<\/strong><\/li>\n<li><strong>A\u00f1o 2012: \u00a0\u00a0\u00a0350.701.\u20ac\u00a0 <\/strong><\/li>\n<li><strong>A\u00f1o 2013: \u00a0\u00a0\u00a0411.440.\u20ac\u00a0 <\/strong><\/li>\n<\/ul>\n<h3>Voluntariado<\/h3>\n<p>Todos nuestros servicio est\u00e1n prestados por personal voluntario de las distintas hermandades que participan en las diferentes \u00e1reas de nuestra obra social, como son las del almac\u00e9n, carga y descarga,\u00a0 reposici\u00f3n, cajas, mantenimiento, limpieza, recepci\u00f3n de beneficiarios, voluntariado y administraci\u00f3n<\/p>\n<p>En el a\u00f1o 2013 un total de <strong>224 personas<\/strong> han prestado su servicio como voluntario de nuestra Fundaci\u00f3n en turnos rotativos, lo que ha supuesto <strong>un total de 4.804 horas<\/strong><\/p>\n<p><strong>En Fundaci\u00f3n B.A. Casco Antiguo participan<\/strong><strong>:<\/strong><\/p>\n<ul>\n<li>Hdad de la Sagrada Cena<\/li>\n<li>Hdad. de la Sagrada Lanzada<\/li>\n<li>Hdad. del Cristo de Burgos<\/li>\n<li>Hdad. de los Panaderos<\/li>\n<li>Hdad. de la Exaltaci\u00f3n Hdad. de Montesi\u00f3n<\/li>\n<li>Hdad. de Los Gitanos Hdad. de la Sdda. Mortaja<\/li>\n<li>Hdad.de la Soledad. San Lorenzo<\/li>\n<li>Hdad. del Carmen DolorosoParrq. de Omnium Sanctorum<\/li>\n<li>Hdad. del Valle Hdad. del Silencio<\/li>\n<li>Hdad del Calvario Hdad. de Monserrat<\/li>\n<li>Hdad. del Museo Hdad. del Amor<\/li>\n<li>Hdad. de la Vera-Cruz Hdad. del Gran Poder<\/li>\n<li>Hdad. de la Candelaria. San Nicol\u00e1s Hdad. del Roc\u00edo. Macarena<\/li>\n<li>Hdad. de Santa Marta Hdad. del Dulce Nombre<\/li>\n<li>Hdad. de lasLas Penas. San Vicente<\/li>\n<li>Hdad. del Santo Entierro<\/li>\n<li>Hdad. de los Javieres Hdad. de la Macarena Hdad. del Baratillo<\/li>\n<li>Hdad. de la Hiniesta Hdad. Servita<\/li>\n<li>Hdad. de la Amargura Hdad. de la Redenci\u00f3n<\/li>\n<li>Hdad. de la Aguas Hdad. de San Esteban<\/li>\n<li>Hdad de los Estudiantes Hdad. de San Roque<\/li>\n<li>Hdad de la Quinta Angustia<\/li>\n<li>Hdad de los Negritos<\/li>\n<li>C\u00e1ritas San Gil Abad<\/li>\n<li>Conf. S. Vicente Ntra. Sra.del Amparo<\/li>\n<\/ul>\n","protected":false},"excerpt":{"rendered":"<p>Qu\u00e9 hacemos Nuestra obra social es el mantenimiento de un Economato Social para que los m\u00e1s necesitados puedan encontrar una ayuda material y un apoyo a sus necesidades. Nuestro objetivo\u2026 <a href=\"https:\/\/fundacioncascoantiguo.com\/?page_id=39\" class=\"read-more-link\">Leer m\u00e1s &rarr;<\/a><\/p>\n","protected":false},"author":2,"featured_media":29,"parent":0,"menu_order":0,"comment_status":"open","ping_status":"closed","template":"","meta":{"footnotes":""},"class_list":["post-39","page","type-page","status-publish","has-post-thumbnail","hentry"],"_links":{"self":[{"href":"https:\/\/fundacioncascoantiguo.com\/index.php?rest_route=\/wp\/v2\/pages\/39","targetHints":{"allow":["GET"]}}],"collection":[{"href":"https:\/\/fundacioncascoantiguo.com\/index.php?rest_route=\/wp\/v2\/pages"}],"about":[{"href":"https:\/\/fundacioncascoantiguo.com\/index.php?rest_route=\/wp\/v2\/types\/page"}],"author":[{"embeddable":true,"href":"https:\/\/fundacioncascoantiguo.com\/index.php?rest_route=\/wp\/v2\/users\/2"}],"replies":[{"embeddable":true,"href":"https:\/\/fundacioncascoantiguo.com\/index.php?rest_route=%2Fwp%2Fv2%2Fcomments&post=39"}],"version-history":[{"count":5,"href":"https:\/\/fundacioncascoantiguo.com\/index.php?rest_route=\/wp\/v2\/pages\/39\/revisions"}],"predecessor-version":[{"id":275,"href":"https:\/\/fundacioncascoantiguo.com\/index.php?rest_route=\/wp\/v2\/pages\/39\/revisions\/275"}],"wp:featuredmedia":[{"embeddable":true,"href":"https:\/\/fundacioncascoantiguo.com\/index.php?rest_route=\/wp\/v2\/media\/29"}],"wp:attachment":[{"href":"https:\/\/fundacioncascoantiguo.com\/index.php?rest_route=%2Fwp%2Fv2%2Fmedia&parent=39"}],"curies":[{"name":"wp","href":"https:\/\/api.w.org\/{rel}","templated":true}]}}