{"id":187,"date":"2014-12-16T15:05:05","date_gmt":"2014-12-16T15:05:05","guid":{"rendered":"http:\/\/fundacioncascoantiguo.com\/?page_id=187"},"modified":"2016-03-08T13:35:50","modified_gmt":"2016-03-08T13:35:50","slug":"protocolo-de-regimen-interno","status":"publish","type":"page","link":"https:\/\/fundacioncascoantiguo.com\/?page_id=187","title":{"rendered":"Protocolo de r\u00e9gimen interno"},"content":{"rendered":"<p>PRE\u00c1MBULO.<\/p>\n<p>El Economato Social es un proyecto creado por la Fundaci\u00f3n Ben\u00e9fico Asistencial Casco Antiguo con el objeto de dar facilidades para la adquisici\u00f3n de art\u00edculos de primera necesidad tanto de alimentaci\u00f3n como para el hogar, a familias en situaci\u00f3n de precariedad social. El Economato est\u00e1 dirigido a obtener beneficios directos y sustanciales para las familias que lo utilicen, sin que en ning\u00fan momento exista \u00e1nimo de lucro por parte de la Fundaci\u00f3n.<\/p>\n<p>De acuerdo con el esp\u00edritu de la Fundaci\u00f3n y el deseo de sus Fundadores, se establece el presente protocolo de trabajo com\u00fan para todas las instituciones que participan en el Economato. Las disposiciones aqu\u00ed recogidas est\u00e1n destinadas a ser aceptadas de forma libre y responsable, con el prop\u00f3sito de establecer una sistem\u00e1tica de trabajo com\u00fan que permita unir esfuerzos en nuestra labor social.<\/p>\n<p>El Economato Social es el resultado de un trabajo conjunto de un amplio n\u00famero de Hermandades y entidades sociales agrupadas por su emplazamiento en el centro hist\u00f3rico de Sevilla. El proyecto surge de la necesidad manifiesta de ayudar a muchas familias del sector del Casco Antiguo con necesidades y carencias sociales. Las Diputaciones de Caridad re\u00fanen sus esfuerzos y se convierten en grupos de trabajo que avanzan hacia planteamientos m\u00e1s compartidos respecto a la realidad social que nos rodea.<\/p>\n<p>Por todo ello, se trata de establecer criterios de actuaci\u00f3n unificados, coordinar la acci\u00f3n social, y realizar an\u00e1lisis sociales comunes, sin que desaparezca la peculiaridad ni la individualidad da la acci\u00f3n social de cada Hermandad.<\/p>\n<p>El Economato es un recurso social de calidad en el seno de nuestras corporaciones, que consolida el papel de las Diputaciones de Caridad, promociona a los usuarios como protagonistas de la actividad, y promueve la participaci\u00f3n del voluntariado.<\/p>\n<p>T\u00cdTULO I<\/p>\n<p>DENOMINACI\u00d3N, OBJETO Y DOMICILIO. \u00ad- &#8211; &#8211; &#8211; &#8211; &#8211; &#8211; &#8211; &#8211; &#8211; &#8211; &#8211; &#8211; &#8211;<\/p>\n<p><em><u>Art\u00edculo 1<\/u><\/em>:<br \/>\nLa Fundaci\u00f3n Ben\u00e9fico-Asistencial Casco Antiguo, de car\u00e1cter privado y sin \u00e1nimo de lucro, crea el Economato Social con el objetivo de disponer de un recurso social a trav\u00e9s del cual los destinatarios, adem\u00e1s de beneficiarse de su uso, adquieran habilidades en:<\/p>\n<ul>\n<li>Gesti\u00f3n de los gastos dom\u00e9sticos.<\/li>\n<li>H\u00e1bitos de alimentaci\u00f3n.<\/li>\n<li>H\u00e1bitos de limpieza.<\/li>\n<\/ul>\n<p><em><u>Art\u00edculo 2<\/u><\/em>:<br \/>\nTanto el economato como la Fundaci\u00f3n se ubican en la c.\/ Narciso Bonaplata n\u00ba 5. El local tiene una superficie de 450 m2 y cuenta con tienda-autoservicio, almac\u00e9n, \u00e1rea de despachos y sala de reuniones, servicio con acceso para minusv\u00e1lidos, y zona de descanso para el voluntariado.<\/p>\n<p><em><u>Art\u00edculo 3<\/u><\/em>:<br \/>\nPor la ubicaci\u00f3n de la Fundaci\u00f3n, su \u00e1mbito de actuaci\u00f3n se corresponde con el sector del centro hist\u00f3rico de Sevilla. Sin embargo por el car\u00e1cter abierto de las Hermandades Fundacionales, se contempla la posibilidad de que otras entidades se beneficien de este recurso aceptando las condiciones dispuestas por el patronato.<br \/>\nLos destinatarios son familias en situaci\u00f3n social y\/\u00f3 familiar desfavorable, acogidas por las asistencias sociales de las Hermandades Fundacionales, a las que se les realiza un seguimiento de su situaci\u00f3n.<br \/>\nEl proyecto, por sus caracter\u00edsticas y \u00e1mbito de actuaci\u00f3n se complementa con la actuaci\u00f3n de los servicios sociales comunitarios, dirigido espec\u00edficamente a familias y personas mayores con escasos recursos.<\/p>\n<p>T\u00cdTULO II<\/p>\n<p>FUNCIONAMIENTO DEL ECONOMATO.- &#8211; &#8211; &#8211; &#8211; &#8211; &#8211; &#8211; &#8211; &#8211; &#8211; &#8211; &#8211;<\/p>\n<p><em><u>Art\u00edculo 4<\/u><\/em>:<br \/>\nLos art\u00edculos a suministrar en el Economato ser\u00e1n siempre de primera calidad, siendo adquiridos a mayoristas y puestos a la venta sin cargo adicional de ninguna clase.<\/p>\n<p><em><u>Art\u00edculo 5<\/u><\/em>:<br \/>\nEl acceso al Economato ser\u00e1 restringido mediante un \u201ccarn\u00e9 acreditativo \u00f3 de compra\u201d, de uso personal e intransferible expedido por las Hermandades Fundacionales, acompa\u00f1ado del D.N.I. del usuari@. Ambos documentos ser\u00e1n presentados en la caja de entrada, donde se regular\u00e1 la admisi\u00f3n a las instalaciones.<\/p>\n<p><em><u>Art\u00edculo 6<\/u><\/em>:<br \/>\nEn el carnet de compra constaran los siguientes datos:<\/p>\n<p>Anverso:<\/p>\n<ul>\n<li>Nombre del Titular, domicilio, D.N.I., Hermandad \u00f3 instituci\u00f3n a la que pertenece, fecha de caducidad, sello de la Hermandad \u00f3 instituci\u00f3n que lo deriva.<\/li>\n<li>N\u00ba de carnet.<\/li>\n<li>Fecha de expedici\u00f3n.<\/li>\n<li>Persona autorizada para que realice la compra en nombre del titular, parentesco \u00f3 relaci\u00f3n con el mismo, y DNI.<\/li>\n<li>Observaciones para el buen uso del carnet.<\/li>\n<\/ul>\n<p>Reverso:<\/p>\n<ul>\n<li>Para el control de compras, se indicar\u00e1:<\/li>\n<\/ul>\n<p>a)- Meses autorizados para efectuar las compras.<br \/>\nb)- Cantidades asignadas mensualmente.<br \/>\nc)- Valor de la compra efectuada.<br \/>\nd)- Saldo resultante, que podr\u00e1 ser utilizado en una \u00f3 varias veces, pero siempre dentro del mismo mes, no siendo acumulable para meses sucesivos.<\/p>\n<p><em><u>Art\u00edculo 7<\/u><\/em>:<br \/>\nEl sistema de compras ser\u00e1 mediante el sistema de autoservicio habitual de los supermercados.<br \/>\nLos art\u00edculos estar\u00e1n a la venta al 25% de su coste final (precio de mayorista), teni\u00e9ndose que abonar el importe en efectivo, no admiti\u00e9ndose vales de ning\u00fan tipo. Las hermandades sufragar\u00e1n el 75% restante del coste que adquieran l@s usuari@s enviados por ellas.<br \/>\n<a href=\"mailto:L@s\">L@s<\/a> <a href=\"mailto:beneficiari@s\">beneficiari@s<\/a> podr\u00e1n adquirir art\u00edculos hasta una cantidad m\u00e1xima mensual asignada por la Hermandad \u00f3 C\u00e1ritas que lo env\u00eda, y reflejada en el carnet. Las cantidades son asignadas por un mes, y no son acumulables.<br \/>\nEn las cajas \u00f3 puntos de venta se chequear\u00e1n todos los art\u00edculos adquiridos por cada usuari@, comprobando que el coste final no sobrepase el l\u00edmite m\u00e1ximo concertado por la Hermandad correspondiente. Excepcionalmente se admitir\u00e1 un exceso de 20 ctmos. sobre la cantidad asignada.<\/p>\n<p><em><u>Art\u00edculo 8<\/u><\/em>:<br \/>\nPara la obtenci\u00f3n del carnet de compra ser\u00e1 necesario la realizaci\u00f3n de un estudio social de la familia, por parte de cada Hermandad Fundacional conforme se indica en el Titulo IV de este protocolo.<br \/>\nLos carnets ser\u00e1n entregados en cada Hermandad Fundacional, no se admitir\u00e1 la entrega de carnets a los usuarios dentro del economato.<\/p>\n<p><em><u>Art\u00edculo 9<\/u><\/em>:<br \/>\nLos carnets de compra tienen un periodo de validez determinado por cada Hermandad, cumplido este periodo los carnets caducados ser\u00e1n retirados en el economato y devueltos a la Hermandad. Cada hermandad seg\u00fan su propio criterio, puede renovar los carnets cumplidos.<br \/>\nSe aconseja que los carnets tengan una validez m\u00e1xima semestral, se procurar\u00e1 que los meses sean correlativos.<\/p>\n<p><em><u>Art\u00edculo 10<\/u><\/em>:<br \/>\nAl final de cada mes el economato remitir\u00e1 a cada Hermandad Fundacional la liquidaci\u00f3n correspondiente, junto a un informe de las compras efectuadas por sus usuarios, los carnets retirados en el economato por haber cumplido, y un listado actualizado de los titulares de carnets.<\/p>\n<p>&nbsp;<\/p>\n<p><em><u>Art\u00edculo 11<\/u><\/em>:<br \/>\nEl economato informar\u00e1 a la Hermandad \u00f3 entidad correspondiente sobre cualquier presunta anomal\u00eda \u00f3 irregularidad detectada, para que una vez realizada la oportuna comprobaci\u00f3n, se act\u00fae en consecuencia.<\/p>\n<p><em><u>Art\u00edculo 12<\/u><\/em>:<br \/>\nPara aquellas personas que no puedan desplazarse al economato, se dispondr\u00e1 de un servicio de atenci\u00f3n a domicilio que le remitir\u00e1 el pedido efectuado previa comunicaci\u00f3n del mismo al economato.<\/p>\n<p>T\u00cdTULO III.<\/p>\n<p>GESTI\u00d3N DEL ECONOMATO.- &#8211; &#8211; &#8211; &#8211; &#8211; &#8211; &#8211; &#8211; &#8211; &#8211; &#8211; &#8211; &#8211; &#8211; &#8211; &#8211; &#8211; &#8211; &#8211; &#8211; &#8211; &#8211; &#8211;<\/p>\n<p><em><u>Art\u00edculo 13<\/u><\/em>:<br \/>\nOrganigrama de gesti\u00f3n:<\/p>\n<table border=\"1\" cellspacing=\"0\" cellpadding=\"0\">\n<tbody>\n<tr>\n<td>\n<p align=\"center\">Patronato de la Fundaci\u00f3n<\/p>\n<\/td>\n<td valign=\"top\">\n<p align=\"center\">Hermanos Mayores de las Hermandades y C\u00e1ritas Fundacionales<\/p>\n<\/td>\n<td valign=\"top\">\n<p align=\"center\">V\u00ba B\u00ba de la organizaci\u00f3n y gesti\u00f3n del economato<\/p>\n<\/td>\n<\/tr>\n<tr>\n<td>\n<p align=\"center\">Asamblea de Diputados de Caridad<\/p>\n<\/td>\n<td valign=\"top\">\n<p align=\"center\">Responsables del \u00e1rea social de Hermandades y C\u00e1ritas Fundacionales<\/p>\n<\/td>\n<td valign=\"top\">\n<p align=\"center\">Organizaci\u00f3n del economato<\/p>\n<\/td>\n<\/tr>\n<tr>\n<td>\n<p align=\"center\">Coordinadora<\/p>\n<\/td>\n<td valign=\"top\">\n<p align=\"center\">Administrador y auxiliares<br \/>\nde trabajo<\/p>\n<\/td>\n<td valign=\"top\">\n<p align=\"center\">Gesti\u00f3n del economato<\/p>\n<\/td>\n<\/tr>\n<tr>\n<td>\n<p align=\"center\">Voluntariado<\/p>\n<\/td>\n<td valign=\"top\">\n<p align=\"center\">Miembros de las Hermandades y C\u00e1ritas Fundacionales<\/p>\n<\/td>\n<td valign=\"top\">\n<p align=\"center\">Atenci\u00f3n y funcionamiento del economato<\/p>\n<\/td>\n<\/tr>\n<\/tbody>\n<\/table>\n<p><em><u>Art\u00edculo 14<\/u><\/em>:<br \/>\nBajo los auspicios de la Fundaci\u00f3n se crea un voluntariado encargado de la actividad que se desarrolla en el Economato. Este Voluntariado estar\u00e1 formado por:<\/p>\n<ul>\n<li>Miembros de las Hermandades y C\u00e1ritas Fundacionales. Cada Hermandad \u00f3 C\u00e1ritas procurar\u00e1 aportar al menos un voluntario.<\/li>\n<li>Otras personas con la disposici\u00f3n y el esp\u00edritu necesario para colaborar con los cometidos del economato.<\/li>\n<\/ul>\n<p><em><u>Art\u00edculo 15<\/u><\/em>:<br \/>\nEl Voluntariado colaborar\u00e1 de forma altruista y desinteresada, realizando las siguientes funciones:<br \/>\n1.- Recepci\u00f3n de productos y reposici\u00f3n del almac\u00e9n.<br \/>\n2.- Limpieza del local.<br \/>\n3.- Atenci\u00f3n del Economato durante los d\u00edas de apertura, encarg\u00e1ndose de:<\/p>\n<ul>\n<li>Control de acceso al Economato.<\/li>\n<li>Atenci\u00f3n en el autoservicio, atendiendo a l@s usuari@s, orient\u00e1ndolos en la compra, y cuidando el uso de art\u00edculos e instalaciones.<\/li>\n<li>Atender las cajas donde se chequearan todos los art\u00edculos adquiridos por <a href=\"mailto:l@s\">l@s<\/a> <a href=\"mailto:beneficiri@s\">beneficiari@s<\/a>, seg\u00fan el sistema en vigor, y seguidamente realizar el cobro correspondiente.<\/li>\n<\/ul>\n<p>4.- Servicio de asistencia y reparto a domicilio.<\/p>\n<p>En general, el voluntariado cuidar\u00e1 del mantenimiento y atenci\u00f3n de las instalaciones, y colaborar\u00e1 en el cuidado y colocaci\u00f3n de productos en las estanter\u00edas y el almac\u00e9n, procurando que todo este ordenado y dispuesto de forma uniforme.<br \/>\n<a href=\"mailto:L@s\">L@s<\/a> <a href=\"mailto:Voluntari@s\">Voluntari@s<\/a> procuraran mantener en serio su compromiso de asistencia a las tareas asignadas, y en caso de no poder atenderla, tratar\u00e1 de dejar su puesto cubierto. Contar\u00e1n con la ayuda y colaboraci\u00f3n de un auxiliar del coordinador del Economato.<\/p>\n<p><em><u>Art\u00edculo 16<\/u><\/em>:<br \/>\nPara una mejor organizaci\u00f3n del voluntariado y del trabajo que \u00e9ste debe realizar, se crear\u00e1 una \u201cCoordinadora del Voluntariado\u201d que actuar\u00e1 bajo la direcci\u00f3n del Administrador de la Fundaci\u00f3n, y en \u00faltimo caso del Patronato.<br \/>\nLa coordinadora estar\u00e1 compuesta por:<\/p>\n<p>a)- Administrador de la Fundaci\u00f3n y coordinador del Economato.<br \/>\nb)- Auxiliares de Secretar\u00eda y Tesorer\u00eda.<br \/>\nc)- Auxiliar de compras y almac\u00e9n.<br \/>\nd)- Auxiliar responsable del voluntariado.<br \/>\nc)- Auxiliar responsable de relaciones con Hermandades y C\u00e1ritas.<\/p>\n<p><em><u>Art\u00edculo 17<\/u><\/em>:<br \/>\nEl cometido a desarrollar por cada uno de ellos es:<\/p>\n<p>COORDINADOR DEL ECONOMATO:<\/p>\n<ul>\n<li>Organizar la actividad del economato, proporcionando unos servicios dignos y adecuados al esp\u00edritu de la Fundaci\u00f3n.<\/li>\n<li>Ser responsable de la gesti\u00f3n econ\u00f3mica del economato, manteniendo al d\u00eda su contabilidad y preparando los estados de cuenta.<\/li>\n<li>Pago a proveedores.<\/li>\n<li>Dar el V\u00baB\u00aa de las actividades de los auxiliares de la coordinadora.<\/li>\n<li>Reunir peri\u00f3dicamente a los Diputados de caridad para informar de la gesti\u00f3n del economato y mejorar su organizaci\u00f3n.<\/li>\n<li>Mantener informado al Patronato de la Fundaci\u00f3n del funcionamiento del economato.<\/li>\n<li>Convocar cuantas reuniones organizativas sean necesarias.<\/li>\n<li>Elaborar la memoria anual del economato.<\/li>\n<\/ul>\n<p>AUXILIARES DE SECRETARIA Y TESORERIA:<\/p>\n<ul>\n<li>Mantener la oficina, archivos, y la informatizaci\u00f3n del economato al d\u00eda.<\/li>\n<li>Colaborar con el administrador en la gesti\u00f3n econ\u00f3mica y contabilidad del economato.<\/li>\n<li>Recoger las facturas y albaranes de compra de productos para marcar su precio de venta, facturaci\u00f3n, y archivo.<\/li>\n<li>Citar en tiempo y forma a cuantas reuniones de gesti\u00f3n y coordinaci\u00f3n sean necesarias.<\/li>\n<li>Mantener el libro de actas y recoger en el mismo los acuerdos tomados en estas reuniones. Dar lectura a las actas correspondientes en cada asamblea.<\/li>\n<li>Mantener el libro de inmovilizado del economato.<\/li>\n<li>Efectuar los cierres mensuales, confeccionando las oportunas liquidaciones y cargos a cada Hermandad y C\u00e1ritas Fundacional.<\/li>\n<\/ul>\n<p>AUXILIAR DE ALMAC\u00c9N Y COMPRAS:<\/p>\n<ul>\n<li>Mantener abastecido al economato con todos los productos necesarios, as\u00ed como las reposiciones de almac\u00e9n.<\/li>\n<li>Gestionar las compras con los proveedores, buscando siempre la mejor calidad posible al menor precio.<\/li>\n<li>Valorar todos los productos, codificarlos y marcarlos para su correspondiente puesta en venta.<\/li>\n<li>Organizar el almac\u00e9n, manteni\u00e9ndolo ordenado y limpio.<\/li>\n<li>Cuidar la colocaci\u00f3n de los productos en las estanter\u00edas tanto del almac\u00e9n como del supermercado, disponi\u00e9ndolos de forma uniforme y ordenada, con sentido est\u00e9tico, y con las etiquetas siempre visibles.<\/li>\n<li>Retirar los productos caducados, da\u00f1ados, \u00f3 rotos, no estando aptos para su venta.<\/li>\n<li>Tener informado al administrador de todas las incidencias relacionadas con la adquisici\u00f3n de productos, y necesidades del almac\u00e9n y autoservicio.<\/li>\n<li>Facilitar a secretar\u00eda los albaranes y facturas de compras para marcar el precio de los productos, facturaci\u00f3n y posterior archivo.<\/li>\n<\/ul>\n<p>AUXILIAR RESPONSABLE DE VOLUNTARIADO:<\/p>\n<ul>\n<li>Ser encargado del personal del economato, tanto en almac\u00e9n como en tienda, disponiendo sus puestos y cometidos.<\/li>\n<li>Control del sistema de acceso al Economato, puntos de venta (cajas) y atenciones en el economato.<\/li>\n<li>Mantenimiento y limpieza de las instalaciones.<\/li>\n<li>Seguimiento de la asistencia del voluntariado, elaborando un cuadrante previo, as\u00ed como un banco de horas que recoja el tiempo de servicio de cada voluntario.<\/li>\n<\/ul>\n<p>AUXILIAR DE RELACIONES CON HERMANDADES Y C\u00c1RITAS.<\/p>\n<ul>\n<li>Mantener una relaci\u00f3n directa con las Obras Asistenciales de las Hermandades y C\u00e1ritas Fundacionales.<\/li>\n<li>Facilitar la entrega de carnets, liquidaciones mensuales, listados, etc.<\/li>\n<li>Mantener el archivo de beneficiarios confeccionando cuadrantes y estad\u00edsticas, correspondientes al n\u00famero de familias atendidas atenciones de compras, importes, etc.<\/li>\n<li>Asegurar que las Hermandades y c\u00e1ritas realicen el oportuno seguimiento a las familias beneficiarias.<\/li>\n<\/ul>\n<p><em><u>Art\u00edculo 18<\/u><\/em>:<br \/>\nEsta coordinadora ser\u00e1 elegida de entre l@s voluntari@s, con car\u00e1cter bianual, y ratificada por el Patronato a propuesta del Administrador de la Fundaci\u00f3n.<\/p>\n<p><em><u>Art\u00edculo 19<\/u><\/em>:<br \/>\nNing\u00fan miembro de esta coordinadora, as\u00ed como ninguna otra persona relacionada con la actividad, podr\u00e1 obtener beneficios personales de las compras \u00f3 productos existentes en el economato.<\/p>\n<p>T\u00cdTULO IV.<\/p>\n<p><a href=\"mailto:BENEFICIARI@S.----------------------------------------------------------\">BENEFICIARI@S.&#8212;&#8212;&#8212;&#8212;&#8212;&#8212;&#8212;&#8212;&#8212;&#8212;&#8212;&#8212;&#8212;&#8212;&#8212;&#8212;&#8212;&#8212;&#8212;-<\/a><\/p>\n<p><em><u>Art\u00edculo 20<\/u><\/em><em>:<\/em><br \/>\nPodr\u00e1n ser atendidos como beneficiari@s del Economato todas aquellas personas que las entidades fundacionales consideren oportuno, acogi\u00e9ndose a los siguientes criterios:<\/p>\n<ul>\n<li>Ser hermano de una de las Hermandades.<\/li>\n<li>Ser usuario de la asistencia social de una de las instituciones participantes en el proyecto.<\/li>\n<li>Reunir los requisitos expuestos en el art\u00edculo 26 del presente t\u00edtulo.<\/li>\n<\/ul>\n<p><em><u>Art\u00edculo 21<\/u><\/em><em>:<\/em><br \/>\nPara la expedici\u00f3n del carnet ser\u00e1 necesario realizar un estudio social de las familias por parte de la Hermandad \u00f3 Caritas y actuar conforme a presente protocolo.<br \/>\nSE recomienda que este informe se revise semestralmente, debiendo emitir un nuevo informe en caso de prorrogar la prestaci\u00f3n del carnet.<\/p>\n<p><em><u>Art\u00edculo 22<\/u><\/em><em>: <\/em><br \/>\nDatos orientativos para el estudio social:<\/p>\n<ul>\n<li>Filiaci\u00f3n: Nombres del titular y <a href=\"mailto:beneficiari@s\">beneficiari@s<\/a>, domicilio, tel\u00e9fono de contacto, n\u00ba D.N.I., fecha de nacimiento, y estado civil.<\/li>\n<li>Datos laborales: experiencia laboral, y situaci\u00f3n laboral actualizada.<\/li>\n<li>Datos econ\u00f3micos: fuentes de ingresos e importe, y gastos fijos en vivienda, agua, luz, gas, tel\u00e9fono, comunidad, etc&#8230;<\/li>\n<\/ul>\n<p>Para ello deber\u00e1 aportar la siguiente documentaci\u00f3n:<\/p>\n<ul>\n<li>Fotocopia del D.N.I.<\/li>\n<li>\u00daltima n\u00f3mina \u00f3 ingresos eventuales.<\/li>\n<li>Tarjeta del INEM.<\/li>\n<li>Certificado anual de I.R.P.F. expedido por la Delegaci\u00f3n de Hacienda.<\/li>\n<li>Copia de recibos de gastos fijos.<\/li>\n<li>Cualquier otro documento que justifique su situaci\u00f3n.<\/li>\n<\/ul>\n<p><em><u>Art\u00edculo 23<\/u><\/em><em>:<\/em><br \/>\nCon la informaci\u00f3n recibida, la Hermandad elaborar\u00e1:<\/p>\n<ul>\n<li>\u201cINFORME DE <a href=\"mailto:BENEFICIARI@S\">BENEFICIARI@S<\/a>\u201d, que junto a la documentaci\u00f3n antes referida quedar\u00e1 en poder de la Hermandad.<\/li>\n<li>\u201cSOLICITUD DE <a href=\"mailto:BENEFICIARI@S\">BENEFICIARI@S<\/a>\u201d, que remitir\u00e1 al economato junto a una copia del D.N.I. y certificado de empadronamiento.<\/li>\n<\/ul>\n<p><em><u>Art\u00edculo 24<\/u><\/em><em>:<\/em><br \/>\nLas Hermandades y C\u00e1ritas contar\u00e1n con un \u201cSUPLEMENTO DE MODIFICACIONES, que consiste en un informe a trav\u00e9s del cual, se pueden cambiar las condiciones iniciales del carnet de compras.<\/p>\n<p><em><u>Art\u00edculo 25<\/u><\/em><em>:<\/em><br \/>\nLa concesi\u00f3n de carnets y el seguimiento oportuno de cada familia beneficiaria es responsabilidad de la Hermandad \u00f3 C\u00e1ritas correspondiente.<\/p>\n<p><em><u>Art\u00edculo 26<\/u><\/em><em>:<\/em><br \/>\nSe propone que sean atendidas de forma preferente las familias que re\u00fanan las siguientes circunstancias:<\/p>\n<ul>\n<li>Familias cuya renta sea inferior al 50% de la renta media nacional (RMN).<\/li>\n<li>Familias en las que sus miembros est\u00e9n en paro y no obtengan otros ingresos, no llegando a cubrir el 50% de la RMN.<\/li>\n<li>Familias con ingresos inferiores al salario m\u00ednimo interprofesional.<\/li>\n<li>Ancianos y pensionistas que perciban pensiones que se estimen insuficientes para cubrir sus necesidades.<\/li>\n<li>Cualquier otra persona \u00f3 familia en comprobado estado de necesidad \u00f3 precariedad.<\/li>\n<\/ul>\n<p><em><u>Art\u00edculo 27<\/u>:<\/em><br \/>\nPara homogenizar criterios entre las Hermandades, C\u00e1ritas, y otras entidades que se servir\u00e1n del economato, se establecen unos baremos orientativos para asignar a cada beneficiari@ las cantidades que les corresponde de acuerdo con su situaci\u00f3n socio-econ\u00f3mica.<br \/>\nTomando como referencia la situaci\u00f3n econ\u00f3mica nacional del a\u00f1o 2004, quedar\u00edan excluidas del acceso al carnet del economato aquellas familias cuya rentas, una vez deducidos los gastos fijos: casa, luz, agua, tel\u00e9fono, gas, seguros, etc, sean superiores al valor indicado en la columna B.<\/p>\n<h3><\/h3>\n<h3>TABLA 1<\/h3>\n<table border=\"2\" cellspacing=\"0\" cellpadding=\"0\">\n<tbody>\n<tr>\n<td>\n<h2 style=\"text-align: center;\">A<\/h2>\n<p style=\"text-align: center;\" align=\"center\">Composici\u00f3n familiar<\/p>\n<\/td>\n<td>\n<h2 style=\"text-align: center;\">B<\/h2>\n<p style=\"text-align: center;\" align=\"center\">Exenta si la cantidad disponible<br \/>\nsupera:<\/p>\n<\/td>\n<td>\n<h2 style=\"text-align: center;\">C<\/h2>\n<p style=\"text-align: center;\" align=\"center\">Cantidad a asignar<\/p>\n<\/td>\n<\/tr>\n<tr>\n<td>\n<p align=\"center\">1 \u00f3 2 Miembros<\/p>\n<\/td>\n<td>\n<p align=\"center\">450 Euros<\/p>\n<\/td>\n<td>\n<p align=\"center\">6 &#8211; 8 Euros<\/p>\n<\/td>\n<\/tr>\n<tr>\n<td>\n<p align=\"center\">3 \u00f3 4 Miembros<\/p>\n<\/td>\n<td>\n<p align=\"center\">510 Euros<\/p>\n<\/td>\n<td>\n<p align=\"center\">10 -12 Euros<\/p>\n<\/td>\n<\/tr>\n<tr>\n<td>\n<p align=\"center\">5 \u00f3 6 Miembros<\/p>\n<\/td>\n<td>\n<p align=\"center\">570 Euros<\/p>\n<\/td>\n<td>\n<p align=\"center\">14 &#8211; 16 Euros<\/p>\n<\/td>\n<\/tr>\n<tr>\n<td>\n<p align=\"center\">7 \u00f3 m\u00e1s Miembros<\/p>\n<\/td>\n<td>\n<p align=\"center\">Incrementar estas cantidades en 30 Euros<br \/>\npor persona<\/p>\n<\/td>\n<td>\n<p align=\"center\">18 \u2013 20 Euros<\/p>\n<\/td>\n<\/tr>\n<\/tbody>\n<\/table>\n<ul type=\"disc\">\n<li>La tabla B est\u00e1 determinada por la media de la RDN seg\u00fan los informes del I.N.E. y el anuario de LA CAIXA.<\/li>\n<li>La cantidad reflejada resulta de aplicar sobre la RDN el concepto de \u201cUMBRAL de POBREZA\u201d del informe FOESSA, que lo define como aquellas personas \u00f3 familias con ingresos inferiores al 50% del ingreso medio nacional.<\/li>\n<\/ul>\n<p>DISPOSICI\u00d3N FINAL:<\/p>\n<p>Las Hermandades, C\u00e1ritas y dem\u00e1s entidades participantes en el Economato Social, de acuerdo con nuestro Mandamiento de Amor, debemos atender a nuestros hermanos necesitados como hasta ahora venimos haciendo, pero humildemente creemos que la atenci\u00f3n a trav\u00e9s de este recurso social es transitoria y el objetivo prioritario consiste en ayudarles a encontrar soluciones para salir de su situaci\u00f3n de precariedad social.<\/p>\n<p>Si con las asignaciones mensuales, las familias cubren totalmente sus necesidades, cayendo en la rutina de la compra en nuestras instalaciones, l@s beneficiari@s pueden acostumbrarse simplemente a recibir, acomod\u00e1ndose a esta pr\u00e1ctica, menoscabando su capacidad de remediar su adversidad. El Economato por tanto, se plantea como una soluci\u00f3n transitoria, no est\u00e1 dise\u00f1ado para atender siempre a l@s mism@s usuari@s, sino que es conveniente tanto la rotaci\u00f3n de familias, para beneficiar a m\u00e1s personas, como incentivarl@s para que con el apoyo de las diputaciones de Caridad busquen nuevos medios de vida.<\/p>\n","protected":false},"excerpt":{"rendered":"<p>PRE\u00c1MBULO. El Economato Social es un proyecto creado por la Fundaci\u00f3n Ben\u00e9fico Asistencial Casco Antiguo con el objeto de dar facilidades para la adquisici\u00f3n de art\u00edculos de primera necesidad tanto\u2026 <a href=\"https:\/\/fundacioncascoantiguo.com\/?page_id=187\" class=\"read-more-link\">Leer m\u00e1s &rarr;<\/a><\/p>\n","protected":false},"author":2,"featured_media":29,"parent":45,"menu_order":0,"comment_status":"open","ping_status":"closed","template":"","meta":{"footnotes":""},"class_list":["post-187","page","type-page","status-publish","has-post-thumbnail","hentry"],"_links":{"self":[{"href":"https:\/\/fundacioncascoantiguo.com\/index.php?rest_route=\/wp\/v2\/pages\/187","targetHints":{"allow":["GET"]}}],"collection":[{"href":"https:\/\/fundacioncascoantiguo.com\/index.php?rest_route=\/wp\/v2\/pages"}],"about":[{"href":"https:\/\/fundacioncascoantiguo.com\/index.php?rest_route=\/wp\/v2\/types\/page"}],"author":[{"embeddable":true,"href":"https:\/\/fundacioncascoantiguo.com\/index.php?rest_route=\/wp\/v2\/users\/2"}],"replies":[{"embeddable":true,"href":"https:\/\/fundacioncascoantiguo.com\/index.php?rest_route=%2Fwp%2Fv2%2Fcomments&post=187"}],"version-history":[{"count":4,"href":"https:\/\/fundacioncascoantiguo.com\/index.php?rest_route=\/wp\/v2\/pages\/187\/revisions"}],"predecessor-version":[{"id":273,"href":"https:\/\/fundacioncascoantiguo.com\/index.php?rest_route=\/wp\/v2\/pages\/187\/revisions\/273"}],"up":[{"embeddable":true,"href":"https:\/\/fundacioncascoantiguo.com\/index.php?rest_route=\/wp\/v2\/pages\/45"}],"wp:featuredmedia":[{"embeddable":true,"href":"https:\/\/fundacioncascoantiguo.com\/index.php?rest_route=\/wp\/v2\/media\/29"}],"wp:attachment":[{"href":"https:\/\/fundacioncascoantiguo.com\/index.php?rest_route=%2Fwp%2Fv2%2Fmedia&parent=187"}],"curies":[{"name":"wp","href":"https:\/\/api.w.org\/{rel}","templated":true}]}}