{"id":150,"date":"2014-12-16T14:56:37","date_gmt":"2014-12-16T14:56:37","guid":{"rendered":"http:\/\/fundacioncascoantiguo.com\/?page_id=150"},"modified":"2014-12-16T14:56:37","modified_gmt":"2014-12-16T14:56:37","slug":"convivencias-del-voluntariado","status":"publish","type":"page","link":"https:\/\/fundacioncascoantiguo.com\/?page_id=150","title":{"rendered":"Convivencias del voluntariado"},"content":{"rendered":"<p><strong><u>3.6. Convivencias del Voluntariado<\/u><\/strong><\/p>\n<p>&nbsp;<\/p>\n<p><strong>I. Jornada: 11 de Septiembre de 2002. Hermandad del  Roc\u00edo de Sevilla<\/strong>, <\/p>\n<p><strong>II. Jornada. 10 de Diciembre de 2003. Hermandad de los  Gitanos<\/strong>.<br \/>\n  Con la ponencia &ldquo;<strong>El  voluntariado hoy&rdquo; a cargo de D\u00aa Inmaculada de Sancho Porra, Directora del Aula  del Voluntariado de la   Universidad Pablo Olavide<\/strong><\/p>\n<p><strong>III. Jornada.- 13 de Diciembre de 2004. Hermandad de la Sda. Lanzada.<\/strong><br \/>\n  Con la ponencia <strong>&ldquo;Lo antiguo y lo nuevo de unas hermandades  hist\u00f3ricas&rdquo; a cargo del Emmo y Rvdmo. Sr. Cardenal Arzobispo D. Carlos Amigo Vallejo<\/strong><\/p>\n<p><strong>IV. Jornada:\u00a0 14  de Diciembre de 2004. Hermandad de la Sda. Cena<\/strong>, <br \/>\n  Con la ponencia <strong>&ldquo;Formaci\u00f3n  del Voluntariado&rdquo; \u00a0a cargo de :D. Jos\u00e9  Antonio Fern\u00e1ndez Cabrero (de la hdad. de la Macarena)<\/strong><\/p>\n<p><strong>V. Jornada: 30 de Septiembre de 2006.Fundaci\u00f3n  Cruzcampo<\/strong>.<br \/>\n  <u>Programa:<\/u><br \/>\n  <u>10,45.-Inscripci\u00f3n<\/u><br \/>\n  <u>11.- Oraci\u00f3n<\/u>: Manuel Vaquero Marchante, (Gerente del  Economato)<br \/>\n  <u>11,10.-Bienvenida y Presentaci\u00f3n de la Jornada<\/u>: Jos\u00e9 Manuel  Albiac Rossi (Presidente de la Fundaci\u00f3n Casco Antiguo)<br \/>\n  <u>11,30. 1\u00aa Mesa redonda <\/u><br \/>\n  &ldquo;La implicaci\u00f3n de las hermandades en el Proyecto del  Economato Social&rdquo;<br \/>\n  Ponentes: <br \/>\n  Manuel Delgado Mart\u00edn (Hno. Mayor de la Hdad. de la Sagrada Mortaja y  ex Presidente de la   Fundaci\u00f3n Casco Antiguo)<br \/>\n  (Origen del Economato, el porque,  cuando y\u00a0 como se lleva a cabo su  constituci\u00f3n)<br \/>\n  Ignacio Camacho Mart\u00ednez (Hno. Mayor de la Hdad. del Calvario)<br \/>\n  (El Economato como servicio social,  su sentido de asistencia)<br \/>\n  F\u00e9lix Corredera Lozano (Hno. Mayor de la Hdad. del Cristo de Burgos)<br \/>\n  ( El\u00a0 Economato como modelo de obra social conjunta:  Compromiso y responsabilidad de las hermandades)<br \/>\n  Moderador: Pablo G\u00e1lvez Rey (Ex Hno. Mayor de la Hdad. de la Sagrada Cena ex  presidente de la Fundaci\u00f3n  y-Administrador del Economato)<br \/>\n  <u>12,30.- Descanso<\/u><br \/>\n  <u>12.45.- 2\u00aa Mesa Redonda<\/u><br \/>\n  &ldquo;Inquietudes de los voluntarios del Economato Social&rdquo;<br \/>\n  Ponentes: <br \/>\n  Jos\u00e9 Rivero Garc\u00eda (Diputado de Caridad de la Hdad. de la Sagrada Mortaja y  Ex Secretario de la   Fundaci\u00f3n Casco Antiguo y voluntario del Economato))<br \/>\n  (porque  prestamos nuestro servicio de voluntario en el Economato)<br \/>\n  Mar\u00eda Luisa Pandelet Cerda(Voluntaria de Caritas de Omnium  Sanctorum en el Economato)<br \/>\n  (\u00bfNos vemos  recompensados con la labor que desarrollamos en el Economato? Realidad y  problem\u00e1tica del voluntariado en su labor en el Economato)<br \/>\n  Sonia Mart\u00edn Nova (Voluntaria de la Hdad del Roc\u00edo Macarena y  Secretaria del Economato)<br \/>\n  \u00bfSomos las  hermandades capaces de organizar un voluntariado social?)<br \/>\n  Moderador: Jos\u00e9 Antonio Romero P\u00e9rez (Ex Gerente y  voluntario del Economato)<br \/>\n  <u>13,45. Clausura y Oraci\u00f3n Final<\/u>: Jos\u00e9 Manuel Albiac  Rossi (Presidente de la   Fundaci\u00f3n Casco Antiguo) y Pedro Juan \u00c1lvarez Barrera,  P\u00e1rroco de Omnium Sanctorum) <\/p>\n<p>&nbsp;<\/p>\n<p><strong>VI Jornada:29 de Septiembre de 2007. Fundacion  Cruzcampo<\/strong><br \/>\n  <u>PROGRAMA<\/u><\/p>\n<ul>\n<li>11.00 horas.- Oraci\u00f3n : D. Manuel Vaquero  Marchente<\/li>\n<\/ul>\n<p>\u00a0\u00a0\u00a0\u00a0\u00a0\u00a0\u00a0\u00a0\u00a0\u00a0\u00a0\u00a0\u00a0\u00a0\u00a0\u00a0\u00a0 .<\/p>\n<ul>\n<li>11.15 horas.- Prersentaci\u00f3n. D. Jos\u00e9 Manuel  Albiac Rossi<\/li>\n<\/ul>\n<p>\u00a0\u00a0\u00a0\u00a0\u00a0\u00a0\u00a0\u00a0\u00a0\u00a0\u00a0\u00a0\u00a0\u00a0\u00a0\u00a0\u00a0 <\/p>\n<ul>\n<li>11.30 horas.-\u00a0\u00a0 <u>Conferencia<\/u>:  La Clausura  en Sevilla. D. Alvaro Pastor Torres.<\/li>\n<\/ul>\n<p>\u00a0\u00a0\u00a0\u00a0\u00a0 \u00a0\u00a0 <\/p>\n<ul>\n<li>12.30 horas.-\u00a0  Descanso.<\/li>\n<\/ul>\n<p>\u00a0\u00a0\u00a0\u00a0\u00a0 <\/p>\n<ul>\n<li>12.45 horas.- <\/li>\n<\/ul>\n<p>\u00a0\u00a0\u00a0\u00a0\u00a0 <u>Mesa  Redonda<\/u>: La atenci\u00f3n del Voluntariado a los Conventos<\/p>\n<ul>\n<ul>\n<li>Organizaci\u00f3n  de la atenci\u00f3n a los conventos. D\u00aa Araceli Fern\u00e1ndez Dom\u00ednguez. (Voluntaria del  Economato)<u><\/u><\/li>\n<\/ul>\n<\/ul>\n<ul>\n<ul>\n<li>La  visi\u00f3n de las religiosas como usuarias del Economato. M\u00aa Luisa Cotoli Suarez  (RR. Oblata)<\/li>\n<\/ul>\n<\/ul>\n<p><u>&nbsp;<\/u><\/p>\n<ul>\n<ul>\n<li>&ldquo;Programa  Convento&rdquo; fuente de espiritualidad. Sor Remedios de la Rosa (MM. Jer\u00f3nimas)<\/li>\n<\/ul>\n<\/ul>\n<p><u>Modera<\/u>: M\u00aa Luisa Pandelet  Cerd\u00e1 (voluntaria del Economato)\n<\/p>\n<ul>\n<li>13.45 horas.- <\/li>\n<\/ul>\n<p>\u00a0\u00a0\u00a0\u00a0\u00a0\u00a0\u00a0\u00a0\u00a0\u00a0\u00a0\u00a0\u00a0\u00a0\u00a0\u00a0\u00a0 Clausura  y oraci\u00f3n final<br \/>\n  <strong>D. Jos\u00e9 Manuel Albiac Rossi<\/strong> (Presidente  de la Fundaci\u00f3n).<br \/>\n  <strong>\u00a0y D.  Pedro Juan \u00c1lvarez Barrera <\/strong>(P\u00e1rroco de Omnium Sanctorum)<u> <\/u><\/p>\n<p>&nbsp;<\/p>\n<p><strong>VII. Jornada 15 de Noviembre de 2008. Fundaci\u00f3n  Cajasol<\/strong><\/p>\n<h2>PROGRAMA<\/h2>\n<ul>\n<li>11.30 horas.- <strong>Oraci\u00f3n inicial y presentaci\u00f3n.<\/strong><\/li>\n<\/ul>\n<p>\u00a0\u00a0\u00a0\u00a0 D. Manuel Vaquero Marchante y D. Jos\u00e9 Manuel Albiac Rossi<\/p>\n<ul>\n<li>11.45 horas.- <u>Conferencia<\/u>: <strong>Fornaci\u00f3n  del Voluntariado<\/strong><\/li>\n<li>12.15  horas.-\u00a0 Descanso.<\/li>\n<\/ul>\n<p>\u00a0\u00a0 \u00a0 12.30  horas.- <u>Mesa Redonda<\/u>: <br \/>\n  <strong>\u00a0\u00a0\u00a0\u00a0\u00a0 La misi\u00f3n de los  voluntarios en el Economato<u><\/u><\/strong><br \/>\n  <u>Ponentes<\/u>: <br \/>\n  D\u00aa. Dolores P\u00e9rez Colom\u00e9<br \/>\n  D. Lorenzo Fern\u00e1ndez Enrique.<br \/>\n  D\u00aa. M\u00aa Carmen Rodr\u00edguez.<br \/>\n  <u>Modera<\/u>: D\u00aa\u00a0 Araceli Fernandez. \n<\/p>\n<ul>\n<li>13.30 horas.- <\/li>\n<\/ul>\n<p><strong>Clausura  y oraci\u00f3n final.<\/strong><br \/>\n  D. Jos\u00e9 Manuel Albiac Rossi y D. Pedro Juan  \u00c1lvarez Barrera<strong> <\/strong><\/p>\n<p><strong>VIII. Jornada. 28 de Noviembre de 2009. Hermandad del Museo. <\/strong><br \/>\n  Con  la ponencia &ldquo;<strong>PRESENTE Y FUTURO DE LA ACCI\u00d3N SOCIAL DE LAS  HERMANDADES DE SEVILLA&rdquo; a cargo de D. Jos\u00e9 Joaqu\u00edn G\u00f3mez Gonz\u00e1lez, Diputado de  Caridad de la hermandad de Santa Marta y abogado<\/strong><\/p>\n<p><strong>IX. Jornada. 11 de Diciembre de 2010. Hermandad de la Hiniesta.<\/strong><br \/>\n  Con la ponencia<strong> &ldquo;El mal consentido y la Doctrina Social de la Iglesia&rdquo; a cargo de<\/strong><br \/>\n  <strong>D. Cesar Hornero M\u00e9ndez, Diputado de la  hermandad del Silencio y Profesor de la Universidad Pablo  de Olavide (Sevilla)<\/strong><strong> <\/strong><\/p>\n<p><strong>X. Jornada. 26 de Noviembre de 2011. Hermandad del  Roc\u00edo-Macarena <\/strong><br \/>\n  Con la ponencia <strong>&ldquo;Voluntarios al  estilo de Jes\u00fas&rdquo; a cargo de D. Pedro Juan \u00c1lvarez Barrera, Cura P\u00e1rroco de  Omnium Sanctorum y Patrono de nuestra Fundaci\u00f3n<\/strong><\/p>\n<p><strong>XI. Jornada. 1 de Diciembre de 2012. Hermandad del  Gran Poder<\/strong><br \/>\n  Con la ponencia <strong>&ldquo;Obras asistenciales  de las hermandades, la Bolsa  de caridad de N.P.Jes\u00fas del Gran Poder&rdquo; a cargo de D. Jos\u00e9 Ignacio Jim\u00e9nez  Esquivias, Teniente de Hno. Mayor de la hermandad del Gran Poder<\/strong><\/p>\n<p><strong>XII. Jornada. 30 de Noviembre de 2013. Parroquia de  Omnium Sanctorum<\/strong><br \/>\n  Con la ponencia <strong>&ldquo;Hermandades y Caridad  Solidaria, ni mas ni menos&rdquo; a cargo de D. Francisco Ortiz G\u00f3mez, Delegado Episcopal  de C\u00e1ritas<\/strong><\/p>\n","protected":false},"excerpt":{"rendered":"<p>3.6. Convivencias del Voluntariado &nbsp; I. Jornada: 11 de Septiembre de 2002. Hermandad del Roc\u00edo de Sevilla, II. Jornada. 10 de Diciembre de 2003. Hermandad de los Gitanos. Con la\u2026 <a href=\"https:\/\/fundacioncascoantiguo.com\/?page_id=150\" class=\"read-more-link\">Leer m\u00e1s &rarr;<\/a><\/p>\n","protected":false},"author":2,"featured_media":29,"parent":42,"menu_order":0,"comment_status":"open","ping_status":"closed","template":"","meta":{"footnotes":""},"class_list":["post-150","page","type-page","status-publish","has-post-thumbnail","hentry"],"_links":{"self":[{"href":"https:\/\/fundacioncascoantiguo.com\/index.php?rest_route=\/wp\/v2\/pages\/150","targetHints":{"allow":["GET"]}}],"collection":[{"href":"https:\/\/fundacioncascoantiguo.com\/index.php?rest_route=\/wp\/v2\/pages"}],"about":[{"href":"https:\/\/fundacioncascoantiguo.com\/index.php?rest_route=\/wp\/v2\/types\/page"}],"author":[{"embeddable":true,"href":"https:\/\/fundacioncascoantiguo.com\/index.php?rest_route=\/wp\/v2\/users\/2"}],"replies":[{"embeddable":true,"href":"https:\/\/fundacioncascoantiguo.com\/index.php?rest_route=%2Fwp%2Fv2%2Fcomments&post=150"}],"version-history":[{"count":1,"href":"https:\/\/fundacioncascoantiguo.com\/index.php?rest_route=\/wp\/v2\/pages\/150\/revisions"}],"predecessor-version":[{"id":151,"href":"https:\/\/fundacioncascoantiguo.com\/index.php?rest_route=\/wp\/v2\/pages\/150\/revisions\/151"}],"up":[{"embeddable":true,"href":"https:\/\/fundacioncascoantiguo.com\/index.php?rest_route=\/wp\/v2\/pages\/42"}],"wp:featuredmedia":[{"embeddable":true,"href":"https:\/\/fundacioncascoantiguo.com\/index.php?rest_route=\/wp\/v2\/media\/29"}],"wp:attachment":[{"href":"https:\/\/fundacioncascoantiguo.com\/index.php?rest_route=%2Fwp%2Fv2%2Fmedia&parent=150"}],"curies":[{"name":"wp","href":"https:\/\/api.w.org\/{rel}","templated":true}]}}