{"id":144,"date":"2014-12-16T14:53:51","date_gmt":"2014-12-16T14:53:51","guid":{"rendered":"http:\/\/fundacioncascoantiguo.com\/?page_id=144"},"modified":"2016-02-11T22:34:20","modified_gmt":"2016-02-11T22:34:20","slug":"patronato","status":"publish","type":"page","link":"https:\/\/fundacioncascoantiguo.com\/?page_id=144","title":{"rendered":"Patronato"},"content":{"rendered":"<p align=\"center\"><strong><em><span style=\"text-decoration: underline;\">JUNTA DEL PATRONATO<\/span><\/em><\/strong><\/p>\n<p align=\"center\"><strong><em>PRESIDENTE<\/em><\/strong><\/p>\n<p style=\"text-align: center;\">D. Jos\u00e9 Manuel Marcos S\u00e1nchez<\/p>\n<p style=\"text-align: center;\">Hermano Mayor Hdad. de la Exaltaci\u00f3n<\/p>\n<p align=\"center\"><strong><em>VICEPRESIDENTE<\/em><\/strong><\/p>\n<p style=\"text-align: center;\">D. Joaqu\u00edn Solis Tar\u00edn<\/p>\n<p style=\"text-align: center;\">Hermano Mayor Hdad. de la Cena<\/p>\n<p align=\"center\"><strong><em>TESORERO<\/em><\/strong><\/p>\n<p style=\"text-align: center;\">D. Jos\u00e9 Antonio Moncayo Trav\u00e9<\/p>\n<p style=\"text-align: center;\">Hermano Mayor Hdad. de la Redenci\u00f3n<\/p>\n<p align=\"center\"><strong><em>SECRETARIO<\/em><\/strong><\/p>\n<p style=\"text-align: center;\">D. Manuel Rodr\u00edguez Gonz\u00e1lez<\/p>\n<p style=\"text-align: center;\">Hdad. de la Soledad<\/p>\n<p>&nbsp;<\/p>\n<p align=\"center\"><strong><em>COORDINADOR DEL ECONOMATO<\/em><\/strong><\/p>\n<p style=\"text-align: center;\">D. Manuel Vaquero Marchante<\/p>\n<p style=\"text-align: center;\">Parroquia de O. Sanctorum<\/p>\n<p style=\"text-align: center;\"><strong><em>COORDINADOR \u00a0ADJUNTO DEL ECONOMATO<\/em><\/strong><\/p>\n<p style=\"text-align: center;\">D. Pablo G\u00e1lvez Rey<\/p>\n<p style=\"text-align: center;\">Hdad. Sagrada Cena<\/p>\n<p align=\"center\"><strong><em><span style=\"text-decoration: underline;\">PATRONOS<\/span><\/em><\/strong><\/p>\n<p align=\"center\"><strong>Hermano Mayor Hdad. de la Sgda. Cena<\/strong><\/p>\n<p style=\"text-align: center;\">D. Joaqu\u00edn Sol\u00eds Tar\u00edn<\/p>\n<p style=\"text-align: center;\" align=\"center\"><strong>Hermano Mayor Hdad. Sgda. Lanzada<\/strong><\/p>\n<p style=\"text-align: center;\">D. Miguel Calzado Molina<\/p>\n<p style=\"text-align: center;\" align=\"center\"><strong>Hermano Mayor Hdad. Stmo. Cristo de Burgos<\/strong><\/p>\n<p style=\"text-align: center;\">D. Salvador Varea Ram\u00edrez<\/p>\n<p style=\"text-align: center;\" align=\"center\"><strong>Hermano Mayor Hdad. del Prendimiento (Panaderos)<\/strong><\/p>\n<p style=\"text-align: center;\">D. Ildefonso Mart\u00ednez Gil<\/p>\n<p align=\"center\"><strong>Hermano Mayor Hdad. de la Exaltaci\u00f3n<\/strong><\/p>\n<p style=\"text-align: center;\">D.Jos\u00e9 Manuel Marcos S\u00e1nchez<\/p>\n<p align=\"center\"><strong>Hermano Mayor Hdad. de Monte-Si\u00f3n<\/strong><\/p>\n<p style=\"text-align: center;\">D. Manuel Soto D\u00edaz<\/p>\n<p align=\"center\"><strong>Hermano Mayor Hdad. de Ntro. P. Jes\u00fas de la Salud (Los Gitanos)<\/strong><\/p>\n<p style=\"text-align: center;\">D. Jos\u00e9 Moreno Vega<\/p>\n<p style=\"text-align: center;\" align=\"center\"><strong>Hermano Mayor Hdad. de la Sgda. Mortaja<em>\u00a0<\/em><\/strong><\/p>\n<p style=\"text-align: center;\">D. Juan Francisco Guill\u00e9n G\u00f3mez<\/p>\n<p style=\"text-align: center;\" align=\"center\"><strong>Hermano Mayor Hdad. de la Soledad. \u00a0San Lorenzo<em>\u00a0<\/em><\/strong><\/p>\n<p style=\"text-align: center;\">D. Jos\u00e9 Ram\u00f3n Pineda Llorca<\/p>\n<p style=\"text-align: center;\" align=\"center\"><strong>Hermano Mayor Hdad. Carmen Doloroso<em>\u00a0<\/em><\/strong><\/p>\n<p style=\"text-align: center;\">D. Manuel Luis Pazos Casado<\/p>\n<p style=\"text-align: center;\" align=\"center\"><strong>Hermano Mayor Hdad. Roc\u00edo de Sevilla<\/strong><\/p>\n<p style=\"text-align: center;\">D. Marcos Ca\u00f1adas Bores<\/p>\n<p style=\"text-align: center;\" align=\"center\"><strong>Sr. Cura P\u00e1rroco de la Parroquia de Omnium Sanctorum<\/strong><\/p>\n<p style=\"text-align: center;\">D. Pedro Juan \u00a0\u00c1lvarez Barrera<\/p>\n<p style=\"text-align: center;\" align=\"center\"><strong>Hermano Mayor Hdad. del Valle<em>\u00a0<\/em><\/strong><\/p>\n<p style=\"text-align: center;\">D. Lucas Antonio Maireles Vela<\/p>\n<p style=\"text-align: center;\" align=\"center\"><strong>Hermano Mayor Hdad. Ntro. P. J. Nazareno (El Silencio)<em>\u00a0<\/em><\/strong><\/p>\n<p style=\"text-align: center;\">D. Alberto Ybarra Mencos<\/p>\n<p style=\"text-align: center;\" align=\"center\"><strong>Hermano Mayor Hdad. del Calvario<\/strong><\/p>\n<p style=\"text-align: center;\">D. Alejandro Alvarado Reinoso<\/p>\n<p style=\"text-align: center;\" align=\"center\"><strong>Hermano Mayor Hdad. de Montserrat<\/strong><\/p>\n<p style=\"text-align: center;\">D. Francisco Javier Yoldi Garc\u00eda<\/p>\n<p style=\"text-align: center;\" align=\"center\"><strong>Hermano Mayor Hdad. del Museo<\/strong><\/p>\n<p style=\"text-align: center;\">D. Alfonso Carlos \u00a0Gentil Baldrich<\/p>\n<p align=\"center\"><strong>Hermano Mayor Hdad. del Amor<\/strong><\/p>\n<p style=\"text-align: center;\">D. Fernando Mora-Figueroa Silos<\/p>\n<p style=\"text-align: center;\" align=\"center\"><strong>Hermano Mayor Hdad. de la Vera Cruz<\/strong><\/p>\n<p style=\"text-align: center;\">D.\u00a0Jos\u00e9 de Cristobal Gonz\u00e1lez<\/p>\n<p style=\"text-align: center;\" align=\"center\"><strong>Hermano Mayor Hdad. del Gran Poder<\/strong><\/p>\n<p style=\"text-align: center;\">D. Felix Rios Villegas.<\/p>\n<p style=\"text-align: center;\" align=\"center\"><strong>Hermano Mayor Hdad. de la Candelaria<\/strong><\/p>\n<p style=\"text-align: center;\">D. Justo Rufino Charlo<\/p>\n<p style=\"text-align: center;\" align=\"center\"><strong>\u00a0Hermano Mayor Hdad. Roc\u00edo Macarena<\/strong><\/p>\n<p style=\"text-align: center;\">D. Manuel Rodr\u00edguez Lara<\/p>\n<p style=\"text-align: center;\" align=\"center\"><strong>Hermano Mayor Hdad. de Santa Marta<\/strong><\/p>\n<p style=\"text-align: center;\">D. Isidro Gonz\u00e1lez Suarez<\/p>\n<p style=\"text-align: center;\" align=\"center\"><strong>Hermano Mayor \u00a0Hdad. del Dulce Nombre<\/strong><\/p>\n<p style=\"text-align: center;\">D. Manuel Toledo Zamorano<\/p>\n<p style=\"text-align: center;\"><strong>Hermano Mayor Hdad. de Las Penas. San Vicente<\/strong><\/p>\n<p style=\"text-align: center;\">D. Juan Carrero Garc\u00eda-Tapial<\/p>\n<p style=\"text-align: center;\"><strong>Hermano Mayor Hdad. Santo Entierro<\/strong><\/p>\n<p style=\"text-align: center;\">Jos\u00e9 Mar\u00eda Font Ort\u00edz<\/p>\n<p style=\"text-align: center;\" align=\"center\"><strong>Hermana Mayor Hdad. Los Javieres<\/strong><\/p>\n<p style=\"text-align: center;\">D\u00aa Maria de los Remedios Vilches Trujillo<\/p>\n<p style=\"text-align: center;\" align=\"center\"><strong>Hermano Mayor Hdad. de la Macarena<\/strong><\/p>\n<p style=\"text-align: center;\">D. Manuel Garc\u00eda Garc\u00eda<\/p>\n<p style=\"text-align: center;\" align=\"center\"><strong>Hermano Mayor Hdad. del Baratillo<\/strong><\/p>\n<p style=\"text-align: center;\">D. Jos\u00e9 Ignacio Arce R\u00edos<\/p>\n<p align=\"center\"><strong>Hermano Mayor Hdad. de San Esteban<\/strong><\/p>\n<p style=\"text-align: center;\">D.Antonio Burgos Rodr\u00edguez<\/p>\n<p style=\"text-align: center;\" align=\"center\"><strong>Hermano Mayor Hdad.de las Tres Ca\u00eddas. San Isidoro<\/strong><\/p>\n<p style=\"text-align: center;\">D. Francisco Javier Gonz\u00e1lez-Gaggero y Prieto-Carre\u00f1o<\/p>\n<p style=\"text-align: center;\" align=\"center\"><strong>Hermano Mayor Hdad. de la Hiniesta<\/strong><\/p>\n<p style=\"text-align: center;\">D. Jos\u00e9 Antonio Romero P\u00e9rez<\/p>\n<p style=\"text-align: center;\" align=\"center\"><strong>Hermano Mayor Hdad. Servita<\/strong><\/p>\n<p style=\"text-align: center;\">D. \u00c1ngel Sol\u00eds Guisado<\/p>\n<p style=\"text-align: center;\" align=\"center\"><strong>Hermano Mayor Hdad. de la Amargura<\/strong><\/p>\n<p style=\"text-align: center;\">D.Jos\u00e9\u00a0Mar\u00eda Pedernal \u00c1lvarez<\/p>\n<p align=\"center\"><strong>Hermano Mayor Hdad. de la Redenci\u00f3n<\/strong><\/p>\n<p style=\"text-align: center;\">D. Jos\u00e9 Antonio Moncayo Trav\u00e9<\/p>\n<p style=\"text-align: center;\" align=\"center\"><strong>Hermano Mayor Hdad. de las Aguas<\/strong><\/p>\n<p style=\"text-align: center;\">D. Antonio Arrondo Pazos<\/p>\n<p style=\"text-align: center;\" align=\"center\"><strong>Hermano Mayor Hdad. San Roque<\/strong><\/p>\n<p style=\"text-align: center;\">D. Alfonso Medina de la Vega<\/p>\n<p style=\"text-align: center;\" align=\"center\"><strong>Hermano Mayor Hdad. de los Estudiantes<\/strong><\/p>\n<p style=\"text-align: center;\">D. Antonio Pi\u00f1ero Pi\u00f1ero<\/p>\n<p style=\"text-align: center;\"><strong>Hermano Mayor Hdad de la Quinta Angustia<\/strong><\/p>\n<p style=\"text-align: center;\">D. Beltr\u00e1n Vargas-Z\u00fa\u00f1iga Ramos-Paul<\/p>\n<p style=\"text-align: center;\"><strong>Hermano Mayor Hdad de los Negritos<\/strong><\/p>\n<p style=\"text-align: center;\">D. Felipe Guerra V\u00e1zquez<\/p>\n<p style=\"text-align: center;\"><strong>Sr Cura Parroco de la Parroquia de San Gil Abad<\/strong><\/p>\n<p style=\"text-align: center;\">D. Francisco Jos\u00e9 Ortiz Bernal<\/p>\n<p><strong><em>HERMANOS MAYORES Y PRESIDENTES DE HERMANDADES E INSTITUCIONES ASOCIADAS<\/em><\/strong><\/p>\n<p align=\"center\">Conferencia \u00a0San Vicente de Paul Ntra. Sra. del Amparo (Parroquia de la Magdalena).<\/p>\n<p style=\"text-align: center;\">D\u00f1a. Soledad Rojas de la Concha Casta\u00f1eda<\/p>\n","protected":false},"excerpt":{"rendered":"<p>JUNTA DEL PATRONATO PRESIDENTE D. Jos\u00e9 Manuel Marcos S\u00e1nchez Hermano Mayor Hdad. de la Exaltaci\u00f3n VICEPRESIDENTE D. Joaqu\u00edn Solis Tar\u00edn Hermano Mayor Hdad. de la Cena TESORERO D. Jos\u00e9 Antonio\u2026 <a href=\"https:\/\/fundacioncascoantiguo.com\/?page_id=144\" class=\"read-more-link\">Leer m\u00e1s &rarr;<\/a><\/p>\n","protected":false},"author":2,"featured_media":29,"parent":42,"menu_order":0,"comment_status":"open","ping_status":"closed","template":"","meta":{"footnotes":""},"class_list":["post-144","page","type-page","status-publish","has-post-thumbnail","hentry"],"_links":{"self":[{"href":"https:\/\/fundacioncascoantiguo.com\/index.php?rest_route=\/wp\/v2\/pages\/144","targetHints":{"allow":["GET"]}}],"collection":[{"href":"https:\/\/fundacioncascoantiguo.com\/index.php?rest_route=\/wp\/v2\/pages"}],"about":[{"href":"https:\/\/fundacioncascoantiguo.com\/index.php?rest_route=\/wp\/v2\/types\/page"}],"author":[{"embeddable":true,"href":"https:\/\/fundacioncascoantiguo.com\/index.php?rest_route=\/wp\/v2\/users\/2"}],"replies":[{"embeddable":true,"href":"https:\/\/fundacioncascoantiguo.com\/index.php?rest_route=%2Fwp%2Fv2%2Fcomments&post=144"}],"version-history":[{"count":7,"href":"https:\/\/fundacioncascoantiguo.com\/index.php?rest_route=\/wp\/v2\/pages\/144\/revisions"}],"predecessor-version":[{"id":250,"href":"https:\/\/fundacioncascoantiguo.com\/index.php?rest_route=\/wp\/v2\/pages\/144\/revisions\/250"}],"up":[{"embeddable":true,"href":"https:\/\/fundacioncascoantiguo.com\/index.php?rest_route=\/wp\/v2\/pages\/42"}],"wp:featuredmedia":[{"embeddable":true,"href":"https:\/\/fundacioncascoantiguo.com\/index.php?rest_route=\/wp\/v2\/media\/29"}],"wp:attachment":[{"href":"https:\/\/fundacioncascoantiguo.com\/index.php?rest_route=%2Fwp%2Fv2%2Fmedia&parent=144"}],"curies":[{"name":"wp","href":"https:\/\/api.w.org\/{rel}","templated":true}]}}