{"id":141,"date":"2014-12-16T14:52:20","date_gmt":"2014-12-16T14:52:20","guid":{"rendered":"http:\/\/fundacioncascoantiguo.com\/?page_id=141"},"modified":"2014-12-16T14:52:20","modified_gmt":"2014-12-16T14:52:20","slug":"saluda-del-presidente","status":"publish","type":"page","link":"https:\/\/fundacioncascoantiguo.com\/?page_id=141","title":{"rendered":"Saluda del presidente"},"content":{"rendered":"<p><strong>Saluda del Presidente de la Fundaci\u00f3n B.A. Casco Antiguo D. Jos\u00e9 Manuel Marcos S\u00e1nchez:<\/strong><\/p>\n<p>Sean mis primeras palabras de agradecimiento a todos los Patronos de la Fundaci\u00f3n Ben\u00e9fico asistencial Casco Antiguo por la confianza que hab\u00e9is depositado en mi persona para ostentar la presidencia de tan dign\u00edsima y significativa fundaci\u00f3n. Igualmente quisiera dar las gracias a todos los componentes de la nueva Junta Directiva, que con gran entusiasmo e ilusi\u00f3n se han embarcado en esta nueva etapa.<\/p>\n<p>En estos tiempos en los que vivimos, en donde desde todas las esferas y \u00f3rdenes p\u00fablicos, se nos intenta hacer comulgar, valga la expresi\u00f3n, con una visi\u00f3n a-religiosa de la vida, una visi\u00f3n laicista de la vida en donde no tiene cabida Dios, excluyendo a la religi\u00f3n y sus s\u00edmbolos de la vida p\u00fablica, tenemos la obligaci\u00f3n de mostrar a nuestro mundo, no s\u00f3lo al cofrade, que Dios no es contrario al hombre, sino todo lo contrario, es amor y desea la felicidad de todos nosotros, y para ello tenemos que utilizar las \u201carmas\u201d que EL nos ha dado y que no es otra que anunciar de nuevo a Cristo, pero como dijo Juan Pablo II en su enc\u00edclica Novo Milenio Ineunte \u201c\u2026no basta con hablar de Cristo, hay que hacerlo ver a los dem\u00e1s mediante una vida cristiana vivida con coherencia\u2026\u201d<\/p>\n<p>No me cabe duda, y cada vez m\u00e1s as\u00ed va calando en casi todas las esferas sociales de nuestra particular ciudad, que la Fundaci\u00f3n Ben\u00e9fico Asistencial Casco Antiguo, por medio de su Economato Social, es una forma, un ejemplo de amor a Cristo, de estar con El y convivir con El a trav\u00e9s de nuestro pr\u00f3jimo, en definitiva una vida cristiana vivida con coherencia, que la ponen en pr\u00e1ctica a la perfecci\u00f3n nuestros Diputados de Caridad y nuestros VOLUNTARIOS,\u00a0 gracias a ellos los m\u00e1s necesitados, en este caso los beneficiados que son atendidos en el Economato, reciben no s\u00f3lo el alimento necesario para sobrevivir, desde el punto de vista fisiol\u00f3gico, sino que tambi\u00e9n reciben por medio de ellos, de nuestro voluntarios, la comprensi\u00f3n y el est\u00edmulo necesario para que su desgracia terrenal se vea suavizada con su exquisito trato y mejor quehacer.<\/p>\n<p>Por \u00faltimo quisiera animaros a todos para que sigamos haciendo nuestra particular evangelizaci\u00f3n, que no es otra que dando a conocer la labor que las Hermandades, ahora m\u00e1s que nunca en estos tiempos dif\u00edciles que vivimos, hacen a por medio del Economato de nuestra Fundaci\u00f3n, intentando ampliar los componentes con aquellas Hermandades del casco antiguo de la ciudad, que a\u00fan quedan por incorporase a este bendito proyecto.<\/p>\n","protected":false},"excerpt":{"rendered":"<p>Saluda del Presidente de la Fundaci\u00f3n B.A. Casco Antiguo D. Jos\u00e9 Manuel Marcos S\u00e1nchez: Sean mis primeras palabras de agradecimiento a todos los Patronos de la Fundaci\u00f3n Ben\u00e9fico asistencial Casco\u2026 <a href=\"https:\/\/fundacioncascoantiguo.com\/?page_id=141\" class=\"read-more-link\">Leer m\u00e1s &rarr;<\/a><\/p>\n","protected":false},"author":2,"featured_media":29,"parent":42,"menu_order":0,"comment_status":"open","ping_status":"closed","template":"","meta":{"footnotes":""},"class_list":["post-141","page","type-page","status-publish","has-post-thumbnail","hentry"],"_links":{"self":[{"href":"https:\/\/fundacioncascoantiguo.com\/index.php?rest_route=\/wp\/v2\/pages\/141","targetHints":{"allow":["GET"]}}],"collection":[{"href":"https:\/\/fundacioncascoantiguo.com\/index.php?rest_route=\/wp\/v2\/pages"}],"about":[{"href":"https:\/\/fundacioncascoantiguo.com\/index.php?rest_route=\/wp\/v2\/types\/page"}],"author":[{"embeddable":true,"href":"https:\/\/fundacioncascoantiguo.com\/index.php?rest_route=\/wp\/v2\/users\/2"}],"replies":[{"embeddable":true,"href":"https:\/\/fundacioncascoantiguo.com\/index.php?rest_route=%2Fwp%2Fv2%2Fcomments&post=141"}],"version-history":[{"count":1,"href":"https:\/\/fundacioncascoantiguo.com\/index.php?rest_route=\/wp\/v2\/pages\/141\/revisions"}],"predecessor-version":[{"id":142,"href":"https:\/\/fundacioncascoantiguo.com\/index.php?rest_route=\/wp\/v2\/pages\/141\/revisions\/142"}],"up":[{"embeddable":true,"href":"https:\/\/fundacioncascoantiguo.com\/index.php?rest_route=\/wp\/v2\/pages\/42"}],"wp:featuredmedia":[{"embeddable":true,"href":"https:\/\/fundacioncascoantiguo.com\/index.php?rest_route=\/wp\/v2\/media\/29"}],"wp:attachment":[{"href":"https:\/\/fundacioncascoantiguo.com\/index.php?rest_route=%2Fwp%2Fv2%2Fmedia&parent=141"}],"curies":[{"name":"wp","href":"https:\/\/api.w.org\/{rel}","templated":true}]}}