{"id":133,"date":"2014-12-16T14:48:23","date_gmt":"2014-12-16T14:48:23","guid":{"rendered":"http:\/\/fundacioncascoantiguo.com\/?page_id=133"},"modified":"2016-02-11T13:28:43","modified_gmt":"2016-02-11T13:28:43","slug":"marco-legal","status":"publish","type":"page","link":"https:\/\/fundacioncascoantiguo.com\/?page_id=133","title":{"rendered":"Marco legal"},"content":{"rendered":"<p>LA FUNDACION BENEFICO ASISTENCIAL CACO ANTIGUO, domiciliada en Sevilla,calle Narciso Bonaplata n\u00ba 5, constituida mediante escritura\u00a0p\u00fablica otorgada ante el Notario de Sevilla, D. Rafael Le\u00f1a F\u00e9rn\u00e1ndez, en sustituci\u00f3n de su compa\u00f1ero D. Joaqu\u00edn Serrano Valverde, eI d\u00eda 12 de Septiembre de 2.000, al n\u00famero 2.396 de orden de su protocolo, e inscrita en el Registro de Fundaciones de Andalucia, Seccl\u00f3n Registral Tercera, \u00abFundaciones Ben\u00e9fico-Asistenc\u00edaIes y Sanitarias, con eI n\u00famero SE\/758; adaptados sus estatutos a la vigente Ley 70\/2005, de 31 de Mayo mediante escritura p\u00fablica otorgada ante el Notario de Sevilla, D. ManueI Garcia del Olmo y Santos, el dia 12 de Noviembre de 2,0O7, al n\u00famero 3 .272 de orden de su protocolo y provista de CIF numero G-91088468.<\/p>\n","protected":false},"excerpt":{"rendered":"<p>LA FUNDACION BENEFICO ASISTENCIAL CACO ANTIGUO, domiciliada en Sevilla,calle Narciso Bonaplata n\u00ba 5, constituida mediante escritura\u00a0p\u00fablica otorgada ante el Notario de Sevilla, D. Rafael Le\u00f1a F\u00e9rn\u00e1ndez, en sustituci\u00f3n de su\u2026 <a href=\"https:\/\/fundacioncascoantiguo.com\/?page_id=133\" class=\"read-more-link\">Leer m\u00e1s &rarr;<\/a><\/p>\n","protected":false},"author":2,"featured_media":29,"parent":42,"menu_order":0,"comment_status":"open","ping_status":"closed","template":"","meta":{"footnotes":""},"class_list":["post-133","page","type-page","status-publish","has-post-thumbnail","hentry"],"_links":{"self":[{"href":"https:\/\/fundacioncascoantiguo.com\/index.php?rest_route=\/wp\/v2\/pages\/133","targetHints":{"allow":["GET"]}}],"collection":[{"href":"https:\/\/fundacioncascoantiguo.com\/index.php?rest_route=\/wp\/v2\/pages"}],"about":[{"href":"https:\/\/fundacioncascoantiguo.com\/index.php?rest_route=\/wp\/v2\/types\/page"}],"author":[{"embeddable":true,"href":"https:\/\/fundacioncascoantiguo.com\/index.php?rest_route=\/wp\/v2\/users\/2"}],"replies":[{"embeddable":true,"href":"https:\/\/fundacioncascoantiguo.com\/index.php?rest_route=%2Fwp%2Fv2%2Fcomments&post=133"}],"version-history":[{"count":3,"href":"https:\/\/fundacioncascoantiguo.com\/index.php?rest_route=\/wp\/v2\/pages\/133\/revisions"}],"predecessor-version":[{"id":247,"href":"https:\/\/fundacioncascoantiguo.com\/index.php?rest_route=\/wp\/v2\/pages\/133\/revisions\/247"}],"up":[{"embeddable":true,"href":"https:\/\/fundacioncascoantiguo.com\/index.php?rest_route=\/wp\/v2\/pages\/42"}],"wp:featuredmedia":[{"embeddable":true,"href":"https:\/\/fundacioncascoantiguo.com\/index.php?rest_route=\/wp\/v2\/media\/29"}],"wp:attachment":[{"href":"https:\/\/fundacioncascoantiguo.com\/index.php?rest_route=%2Fwp%2Fv2%2Fmedia&parent=133"}],"curies":[{"name":"wp","href":"https:\/\/api.w.org\/{rel}","templated":true}]}}